{"id":16,"date":"2026-04-07T04:00:07","date_gmt":"2026-04-07T04:00:07","guid":{"rendered":"https:\/\/fb88.wedding\/?page_id=16"},"modified":"2026-04-07T04:07:17","modified_gmt":"2026-04-07T04:07:17","slug":"fb88-nen-tang-ca-cuoc-truc-tuyen-dang-trai-nghiem-cho-nguoi-choi-hien-dai","status":"publish","type":"page","link":"https:\/\/fb88.wedding\/","title":{"rendered":"FB88 \u2013 N\u1ec1n t\u1ea3ng c\u00e1 c\u01b0\u1ee3c tr\u1ef1c tuy\u1ebfn \u0111\u00e1ng tr\u1ea3i nghi\u1ec7m cho ng\u01b0\u1eddi ch\u01a1i hi\u1ec7n \u0111\u1ea1i"},"content":{"rendered":"<p>Kh\u00f4ng c\u00f2n \u0111\u01a1n thu\u1ea7n l\u00e0 m\u1ed9t n\u01a1i \u0111\u1eb7t c\u01b0\u1ee3c, FB88 \u0111ang d\u1ea7n tr\u1edf th\u00e0nh l\u1ef1a ch\u1ecdn quen thu\u1ed9c c\u1ee7a nh\u1eefng ng\u01b0\u1eddi y\u00eau th\u00edch gi\u1ea3i tr\u00ed tr\u1ef1c tuy\u1ebfn. V\u1edbi s\u1ef1 k\u1ebft h\u1ee3p gi\u1eefa c\u00f4ng ngh\u1ec7 hi\u1ec7n \u0111\u1ea1i, kho tr\u00f2 ch\u01a1i \u0111a d\u1ea1ng v\u00e0 d\u1ecbch v\u1ee5 \u1ed5n \u0111\u1ecbnh, Fb 88 mang \u0111\u1ebfn tr\u1ea3i nghi\u1ec7m li\u1ec1n m\u1ea1ch m\u00e0 \u00edt n\u1ec1n t\u1ea3ng n\u00e0o c\u00f3 th\u1ec3 l\u00e0m \u0111\u01b0\u1ee3c.<\/p>\n<p><img loading=\"lazy\" decoding=\"async\" class=\"alignnone wp-image-20 size-large aligncenter\" src=\"http:\/\/fb88.wedding\/wp-content\/uploads\/2026\/04\/fb88wedding-1024x467.png\" alt=\"fb88 c\u00e1 c\u01b0\u1ee3c ngay\" width=\"1020\" height=\"465\" srcset=\"https:\/\/fb88.wedding\/wp-content\/uploads\/2026\/04\/fb88wedding-1024x467.png 1024w, https:\/\/fb88.wedding\/wp-content\/uploads\/2026\/04\/fb88wedding-300x137.png 300w, https:\/\/fb88.wedding\/wp-content\/uploads\/2026\/04\/fb88wedding-768x350.png 768w, https:\/\/fb88.wedding\/wp-content\/uploads\/2026\/04\/fb88wedding-1536x700.png 1536w, https:\/\/fb88.wedding\/wp-content\/uploads\/2026\/04\/fb88wedding.png 1663w\" sizes=\"auto, (max-width: 1020px) 100vw, 1020px\" \/><\/p>\n<h2>Khi c\u00e1 c\u01b0\u1ee3c kh\u00f4ng ch\u1ec9 l\u00e0 may r\u1ee7i \u2013 C\u00e1ch FB88 thay \u0111\u1ed5i tr\u1ea3i nghi\u1ec7m<\/h2>\n<p>Tr\u01b0\u1edbc \u0111\u00e2y, nhi\u1ec1u ng\u01b0\u1eddi th\u01b0\u1eddng ngh\u0129 c\u00e1 c\u01b0\u1ee3c ch\u1ec9 d\u1ef1a v\u00e0o may m\u1eafn. Tuy nhi\u00ean, khi tham gia FB88, b\u1ea1n s\u1ebd nh\u1eadn ra r\u1eb1ng tr\u1ea3i nghi\u1ec7m n\u00e0y c\u00f2n ph\u1ee5 thu\u1ed9c v\u00e0o c\u00e1ch n\u1ec1n t\u1ea3ng h\u1ed7 tr\u1ee3 ng\u01b0\u1eddi ch\u01a1i. T\u1ea1i Fb 88, m\u1ecdi th\u1ee9 \u0111\u01b0\u1ee3c thi\u1ebft k\u1ebf \u0111\u1ec3 t\u1ed1i \u01b0u h\u00e0nh tr\u00ecnh ng\u01b0\u1eddi d\u00f9ng. T\u1eeb vi\u1ec7c t\u00ecm ki\u1ebfm tr\u1eadn \u0111\u1ea5u, theo d\u00f5i t\u1ef7 l\u1ec7 k\u00e8o cho \u0111\u1ebfn thao t\u00e1c \u0111\u1eb7t c\u01b0\u1ee3c, t\u1ea5t c\u1ea3 \u0111\u1ec1u di\u1ec5n ra nhanh ch\u00f3ng v\u00e0 r\u00f5 r\u00e0ng. \u0110i\u1ec1u n\u00e0y gi\u00fap ng\u01b0\u1eddi ch\u01a1i c\u00f3 th\u00eam th\u1eddi gian \u0111\u1ec3 ph\u00e2n t\u00edch thay v\u00ec loay hoay v\u1edbi h\u1ec7 th\u1ed1ng.<\/p>\n<h3>H\u1ec7 sinh th\u00e1i gi\u1ea3i tr\u00ed t\u1ea1i FB88 \u2013 M\u1ed9t t\u00e0i kho\u1ea3n, nhi\u1ec1u tr\u1ea3i nghi\u1ec7m<\/h3>\n<p>M\u1ed9t trong nh\u1eefng \u0111i\u1ec3m khi\u1ebfn FB88 gi\u1eef ch\u00e2n ng\u01b0\u1eddi ch\u01a1i ch\u00ednh l\u00e0 s\u1ef1 \u0111a d\u1ea1ng. B\u1ea1n kh\u00f4ng c\u1ea7n ph\u1ea3i chuy\u1ec3n \u0111\u1ed5i gi\u1eefa nhi\u1ec1u n\u1ec1n t\u1ea3ng kh\u00e1c nhau, b\u1edfi m\u1ecdi h\u00ecnh th\u1ee9c gi\u1ea3i tr\u00ed \u0111\u1ec1u \u0111\u00e3 \u0111\u01b0\u1ee3c t\u00edch h\u1ee3p. N\u1ebfu b\u1ea1n y\u00eau th\u00edch th\u1ec3 thao, h\u1ec7 th\u1ed1ng c\u00e1 c\u01b0\u1ee3c t\u1ea1i Fb 88 cung c\u1ea5p \u0111\u1ea7y \u0111\u1ee7 c\u00e1c gi\u1ea3i \u0111\u1ea5u l\u1edbn nh\u1ecf v\u1edbi t\u1ef7 l\u1ec7 k\u00e8o \u0111\u01b0\u1ee3c c\u1eadp nh\u1eadt li\u00ean t\u1ee5c. \u0110i\u1ec1u n\u00e0y gi\u00fap b\u1ea1n lu\u00f4n b\u1eaft k\u1ecbp di\u1ec5n bi\u1ebfn v\u00e0 \u0111\u01b0a ra l\u1ef1a ch\u1ecdn ph\u00f9 h\u1ee3p.<\/p>\n<p>Trong khi \u0111\u00f3, casino tr\u1ef1c tuy\u1ebfn l\u1ea1i mang \u0111\u1ebfn c\u1ea3m gi\u00e1c ch\u00e2n th\u1ef1c nh\u1edd c\u00f4ng ngh\u1ec7 livestream. Nh\u1eefng b\u00e0n ch\u01a1i \u0111\u01b0\u1ee3c v\u1eadn h\u00e0nh b\u1edfi dealer chuy\u00ean nghi\u1ec7p t\u1ea1o n\u00ean kh\u00f4ng kh\u00ed s\u00f4i \u0111\u1ed9ng, g\u1ea7n gi\u1ed1ng v\u1edbi tr\u1ea3i nghi\u1ec7m t\u1ea1i s\u00f2ng b\u00e0i th\u1ef1c t\u1ebf.<\/p>\n<p>Ngo\u00e0i ra, slot game c\u0169ng l\u00e0 l\u1ef1a ch\u1ecdn l\u00fd t\u01b0\u1edfng cho nh\u1eefng ai mu\u1ed1n gi\u1ea3i tr\u00ed nhanh. V\u1edbi h\u00e0ng tr\u0103m tr\u00f2 ch\u01a1i kh\u00e1c nhau, ng\u01b0\u1eddi ch\u01a1i c\u00f3 th\u1ec3 d\u1ec5 d\u00e0ng t\u00ecm th\u1ea5y t\u1ef1a game ph\u00f9 h\u1ee3p v\u1edbi s\u1edf th\u00edch c\u1ee7a m\u00ecnh.<\/p>\n<h3>FB88 v\u1eadn h\u00e0nh nh\u01b0 th\u1ebf n\u00e0o \u0111\u1ec3 gi\u1eef ch\u00e2n ng\u01b0\u1eddi ch\u01a1i?<\/h3>\n<p>Kh\u00f4ng ch\u1ec9 d\u1eebng l\u1ea1i \u1edf vi\u1ec7c cung c\u1ea5p tr\u00f2 ch\u01a1i, FB88 c\u00f2n ch\u00fa tr\u1ecdng \u0111\u1ebfn c\u00e1ch v\u1eadn h\u00e0nh h\u1ec7 th\u1ed1ng. \u0110\u00e2y l\u00e0 y\u1ebfu t\u1ed1 quy\u1ebft \u0111\u1ecbnh ng\u01b0\u1eddi ch\u01a1i c\u00f3 quay l\u1ea1i hay kh\u00f4ng.<\/p>\n<p>Tr\u01b0\u1edbc h\u1ebft, t\u1ed1c \u0111\u1ed9 x\u1eed l\u00fd t\u1ea1i Fb 88 \u0111\u01b0\u1ee3c t\u1ed1i \u01b0u t\u1ed1t. T\u1eeb \u0111\u0103ng nh\u1eadp, \u0111\u1eb7t c\u01b0\u1ee3c cho \u0111\u1ebfn giao d\u1ecbch, m\u1ecdi thao t\u00e1c \u0111\u1ec1u di\u1ec5n ra m\u01b0\u1ee3t m\u00e0. \u0110i\u1ec1u n\u00e0y \u0111\u1eb7c bi\u1ec7t quan tr\u1ecdng trong c\u00e1c tr\u1eadn \u0111\u1ea5u tr\u1ef1c ti\u1ebfp, n\u01a1i t\u1eebng gi\u00e2y \u0111\u1ec1u c\u00f3 th\u1ec3 \u1ea3nh h\u01b0\u1edfng \u0111\u1ebfn k\u1ebft qu\u1ea3. B\u00ean c\u1ea1nh \u0111\u00f3, n\u1ec1n t\u1ea3ng c\u0169ng \u0111\u1ea3m b\u1ea3o s\u1ef1 \u1ed5n \u0111\u1ecbnh trong qu\u00e1 tr\u00ecnh s\u1eed d\u1ee5ng. Vi\u1ec7c h\u1ea1n ch\u1ebf l\u1ed7i v\u00e0 gi\u00e1n \u0111o\u1ea1n gi\u00fap ng\u01b0\u1eddi ch\u01a1i c\u00f3 tr\u1ea3i nghi\u1ec7m li\u1ec1n m\u1ea1ch h\u01a1n.<\/p>\n<h3>Giao d\u1ecbch t\u1ea1i FB88 \u2013 Nhanh v\u00e0 r\u00f5 r\u00e0ng<\/h3>\n<p>M\u1ed9t trong nh\u1eefng y\u1ebfu t\u1ed1 khi\u1ebfn nhi\u1ec1u ng\u01b0\u1eddi e ng\u1ea1i khi tham gia c\u00e1 c\u01b0\u1ee3c l\u00e0 v\u1ea5n \u0111\u1ec1 n\u1ea1p r\u00fat. Tuy nhi\u00ean, FB88 \u0111\u00e3 gi\u1ea3i quy\u1ebft t\u1ed1t \u0111i\u1ec1u n\u00e0y b\u1eb1ng c\u00e1ch x\u00e2y d\u1ef1ng h\u1ec7 th\u1ed1ng giao d\u1ecbch minh b\u1ea1ch. Ng\u01b0\u1eddi ch\u01a1i c\u00f3 th\u1ec3 d\u1ec5 d\u00e0ng n\u1ea1p ti\u1ec1n th\u00f4ng qua nhi\u1ec1u ph\u01b0\u01a1ng th\u1ee9c kh\u00e1c nhau. Qu\u00e1 tr\u00ecnh r\u00fat ti\u1ec1n c\u0169ng \u0111\u01b0\u1ee3c x\u1eed l\u00fd nhanh ch\u00f3ng, gi\u00fap b\u1ea1n kh\u00f4ng ph\u1ea3i ch\u1edd \u0111\u1ee3i l\u00e2u. Ch\u00ednh s\u1ef1 r\u00f5 r\u00e0ng n\u00e0y \u0111\u00e3 gi\u00fap Fb 88 t\u1ea1o d\u1ef1ng \u0111\u01b0\u1ee3c ni\u1ec1m tin v\u1edbi c\u1ed9ng \u0111\u1ed3ng ng\u01b0\u1eddi ch\u01a1i trong th\u1eddi gian d\u00e0i. Ngo\u00e0i ra ng\u01b0\u1eddi ch\u01a1i c\u00f3 th\u1ec3 th\u1ef1c hi\u1ec7n ch\u01a1i ho\u1eb7c n\u1ea1p r\u00fat b\u1ea5t k\u1ef3 l\u00fac n\u00e0o c\u1ea3 \u1edf m\u00e1y t\u00ednh v\u00e0 \u0111i\u1ec7n tho\u1ea1i v\u00ec Fb88 h\u1ed7 tr\u1ee3 \u0111a n\u1ec1n t\u1ea3ng.<\/p>\n<p><img loading=\"lazy\" decoding=\"async\" class=\"alignnone wp-image-21 size-large aligncenter\" src=\"http:\/\/fb88.wedding\/wp-content\/uploads\/2026\/04\/fb88weddingdanentang-1024x467.png\" alt=\"fb88 h\u1ed7 tr\u1ee3 \u0111a n\u1ec1n t\u1ea3ng\" width=\"1020\" height=\"465\" srcset=\"https:\/\/fb88.wedding\/wp-content\/uploads\/2026\/04\/fb88weddingdanentang-1024x467.png 1024w, https:\/\/fb88.wedding\/wp-content\/uploads\/2026\/04\/fb88weddingdanentang-300x137.png 300w, https:\/\/fb88.wedding\/wp-content\/uploads\/2026\/04\/fb88weddingdanentang-768x350.png 768w, https:\/\/fb88.wedding\/wp-content\/uploads\/2026\/04\/fb88weddingdanentang-1536x700.png 1536w, https:\/\/fb88.wedding\/wp-content\/uploads\/2026\/04\/fb88weddingdanentang.png 1663w\" sizes=\"auto, (max-width: 1020px) 100vw, 1020px\" \/><\/p>\n<h3>Ai ph\u00f9 h\u1ee3p v\u1edbi FB88?<\/h3>\n<p>Kh\u00f4ng ph\u1ea3i n\u1ec1n t\u1ea3ng n\u00e0o c\u0169ng ph\u00f9 h\u1ee3p v\u1edbi t\u1ea5t c\u1ea3 m\u1ecdi ng\u01b0\u1eddi, v\u00e0 FB88 c\u0169ng v\u1eady. Tuy nhi\u00ean, v\u1edbi c\u00e1ch x\u00e2y d\u1ef1ng hi\u1ec7n t\u1ea1i, Fb 88 c\u00f3 th\u1ec3 \u0111\u00e1p \u1ee9ng nhu c\u1ea7u c\u1ee7a nhi\u1ec1u nh\u00f3m ng\u01b0\u1eddi ch\u01a1i kh\u00e1c nhau. N\u1ebfu b\u1ea1n l\u00e0 ng\u01b0\u1eddi m\u1edbi, giao di\u1ec7n th\u00e2n thi\u1ec7n v\u00e0 h\u1ec7 th\u1ed1ng h\u01b0\u1edbng d\u1eabn s\u1ebd gi\u00fap b\u1ea1n nhanh ch\u00f3ng l\u00e0m quen. N\u1ebfu b\u1ea1n \u0111\u00e3 c\u00f3 kinh nghi\u1ec7m, t\u1ef7 l\u1ec7 k\u00e8o c\u1ea1nh tranh v\u00e0 \u0111a d\u1ea1ng tr\u00f2 ch\u01a1i s\u1ebd mang l\u1ea1i nhi\u1ec1u c\u01a1 h\u1ed9i h\u01a1n. C\u00f2n n\u1ebfu b\u1ea1n ch\u1ec9 \u0111\u01a1n gi\u1ea3n mu\u1ed1n gi\u1ea3i tr\u00ed, kho game phong ph\u00fa t\u1ea1i FB88 c\u0169ng \u0111\u1ee7 \u0111\u1ec3 \u0111\u00e1p \u1ee9ng nhu c\u1ea7u \u0111\u00f3.<\/p>\n<p>S\u1ef1 kh\u00e1c bi\u1ec7t c\u1ee7a FB88 kh\u00f4ng n\u1eb1m \u1edf m\u1ed9t y\u1ebfu t\u1ed1 duy nh\u1ea5t, m\u00e0 l\u00e0 s\u1ef1 k\u1ebft h\u1ee3p c\u1ee7a nhi\u1ec1u y\u1ebfu t\u1ed1 nh\u1ecf. T\u1eeb tr\u1ea3i nghi\u1ec7m ng\u01b0\u1eddi d\u00f9ng, t\u1ed1c \u0111\u1ed9 x\u1eed l\u00fd cho \u0111\u1ebfn d\u1ecbch v\u1ee5 h\u1ed7 tr\u1ee3, t\u1ea5t c\u1ea3 \u0111\u1ec1u \u0111\u01b0\u1ee3c x\u00e2y d\u1ef1ng theo h\u01b0\u1edbng t\u1ed1i \u01b0u. Ngo\u00e0i ra, n\u1ec1n t\u1ea3ng n\u00e0y c\u00f2n duy tr\u00ec s\u1ef1 \u1ed5n \u0111\u1ecbnh trong th\u1eddi gian d\u00e0i, \u0111i\u1ec1u m\u00e0 kh\u00f4ng ph\u1ea3i nh\u00e0 c\u00e1i n\u00e0o c\u0169ng l\u00e0m \u0111\u01b0\u1ee3c. \u0110\u00e2y ch\u00ednh l\u00e0 l\u00fd do nhi\u1ec1u ng\u01b0\u1eddi ch\u01a1i l\u1ef1a ch\u1ecdn g\u1eafn b\u00f3 v\u1edbi Fb 88 thay v\u00ec li\u00ean t\u1ee5c thay \u0111\u1ed5i.<\/p>\n<h3>Nh\u1eefng l\u01b0u \u00fd quan tr\u1ecdng khi tham gia FB88<\/h3>\n<p>D\u00f9 mang l\u1ea1i nhi\u1ec1u tr\u1ea3i nghi\u1ec7m h\u1ea5p d\u1eabn, ng\u01b0\u1eddi ch\u01a1i v\u1eabn c\u1ea7n c\u00f3 s\u1ef1 t\u1ec9nh t\u00e1o khi tham gia FB88. Vi\u1ec7c qu\u1ea3n l\u00fd t\u00e0i ch\u00ednh l\u00e0 y\u1ebfu t\u1ed1 quan tr\u1ecdng gi\u00fap b\u1ea1n duy tr\u00ec cu\u1ed9c ch\u01a1i l\u00e2u d\u00e0i. B\u00ean c\u1ea1nh \u0111\u00f3, h\u00e3y \u0111\u1ea3m b\u1ea3o r\u1eb1ng b\u1ea1n truy c\u1eadp \u0111\u00fang \u0111\u1ecba ch\u1ec9 ch\u00ednh th\u1ee9c \u0111\u1ec3 tr\u00e1nh c\u00e1c r\u1ee7i ro kh\u00f4ng \u0111\u00e1ng c\u00f3. \u0110\u00e2y l\u00e0 \u0111i\u1ec1u c\u01a1 b\u1ea3n nh\u01b0ng l\u1ea1i r\u1ea5t quan tr\u1ecdng. Cu\u1ed1i c\u00f9ng, h\u00e3y lu\u00f4n nh\u1edb r\u1eb1ng c\u00e1 c\u01b0\u1ee3c ch\u1ec9 n\u00ean l\u00e0 m\u1ed9t h\u00ecnh th\u1ee9c gi\u1ea3i tr\u00ed, kh\u00f4ng n\u00ean tr\u1edf th\u00e0nh \u00e1p l\u1ef1c t\u00e0i ch\u00ednh.<\/p>\n<p><img loading=\"lazy\" decoding=\"async\" class=\"alignnone size-large wp-image-22 aligncenter\" src=\"http:\/\/fb88.wedding\/wp-content\/uploads\/2026\/04\/fb88weddingdangky-1024x467.png\" alt=\"fb88 wedding\" width=\"1020\" height=\"465\" srcset=\"https:\/\/fb88.wedding\/wp-content\/uploads\/2026\/04\/fb88weddingdangky-1024x467.png 1024w, https:\/\/fb88.wedding\/wp-content\/uploads\/2026\/04\/fb88weddingdangky-300x137.png 300w, https:\/\/fb88.wedding\/wp-content\/uploads\/2026\/04\/fb88weddingdangky-768x350.png 768w, https:\/\/fb88.wedding\/wp-content\/uploads\/2026\/04\/fb88weddingdangky-1536x700.png 1536w, https:\/\/fb88.wedding\/wp-content\/uploads\/2026\/04\/fb88weddingdangky.png 1663w\" sizes=\"auto, (max-width: 1020px) 100vw, 1020px\" \/><\/p>\n<h3>B\u1eaft \u0111\u1ea7u v\u1edbi FB88 nh\u01b0 th\u1ebf n\u00e0o?<\/h3>\n<p>\u0110\u1ec3 b\u1eaft \u0111\u1ea7u v\u1edbi FB88, b\u1ea1n ch\u1ec9 c\u1ea7n th\u1ef1c hi\u1ec7n m\u1ed9t v\u00e0i b\u01b0\u1edbc \u0111\u01a1n gi\u1ea3n. Sau khi t\u1ea1o t\u00e0i kho\u1ea3n, h\u00e3y l\u00e0m quen v\u1edbi giao di\u1ec7n v\u00e0 th\u1eed tr\u1ea3i nghi\u1ec7m v\u1edbi s\u1ed1 v\u1ed1n nh\u1ecf. Vi\u1ec7c b\u1eaft \u0111\u1ea7u ch\u1eadm r\u00e3i s\u1ebd gi\u00fap b\u1ea1n hi\u1ec3u r\u00f5 c\u00e1ch v\u1eadn h\u00e0nh c\u1ee7a Fb 88, t\u1eeb \u0111\u00f3 \u0111\u01b0a ra chi\u1ebfn l\u01b0\u1ee3c ph\u00f9 h\u1ee3p h\u01a1n trong t\u01b0\u01a1ng lai.<\/p>\n<p>Nhi\u1ec1u ng\u01b0\u1eddi ch\u01a1i quan t\u00e2m \u0111\u1ebfn \u0111\u1ed9 an to\u00e0n c\u1ee7a FB88. V\u1edbi h\u1ec7 th\u1ed1ng v\u1eadn h\u00e0nh \u1ed5n \u0111\u1ecbnh v\u00e0 b\u1ea3o m\u1eadt t\u1ed1t, \u0111\u00e2y l\u00e0 m\u1ed9t n\u1ec1n t\u1ea3ng \u0111\u00e1ng tin c\u1eady n\u1ebfu b\u1ea1n s\u1eed d\u1ee5ng \u0111\u00fang c\u00e1ch. Ngo\u00e0i ra, vi\u1ec7c ch\u01a1i tr\u00ean \u0111i\u1ec7n tho\u1ea1i hay m\u00e1y t\u00ednh \u0111\u1ec1u \u0111\u01b0\u1ee3c h\u1ed7 tr\u1ee3 t\u1ed1t, gi\u00fap b\u1ea1n linh ho\u1ea1t trong qu\u00e1 tr\u00ecnh tham gia. Th\u1eddi gian x\u1eed l\u00fd giao d\u1ecbch c\u0169ng l\u00e0 \u0111i\u1ec3m c\u1ed9ng, khi c\u00e1c thao t\u00e1c n\u1ea1p r\u00fat \u0111\u01b0\u1ee3c th\u1ef1c hi\u1ec7n nhanh ch\u00f3ng.<\/p>\n<h3>K\u1ebft lu\u1eadn<\/h3>\n<p>FB88 kh\u00f4ng ch\u1ec9 l\u00e0 m\u1ed9t n\u1ec1n t\u1ea3ng c\u00e1 c\u01b0\u1ee3c, m\u00e0 c\u00f2n l\u00e0 n\u01a1i mang \u0111\u1ebfn tr\u1ea3i nghi\u1ec7m gi\u1ea3i tr\u00ed to\u00e0n di\u1ec7n cho ng\u01b0\u1eddi ch\u01a1i hi\u1ec7n \u0111\u1ea1i. V\u1edbi s\u1ef1 k\u1ebft h\u1ee3p gi\u1eefa c\u00f4ng ngh\u1ec7, n\u1ed9i dung v\u00e0 d\u1ecbch v\u1ee5, Fb 88 \u0111ang ng\u00e0y c\u00e0ng kh\u1eb3ng \u0111\u1ecbnh v\u1ecb th\u1ebf c\u1ee7a m\u00ecnh tr\u00ean th\u1ecb tr\u01b0\u1eddng. N\u1ebfu b\u1ea1n \u0111ang t\u00ecm ki\u1ebfm m\u1ed9t \u0111\u1ecba ch\u1ec9 v\u1eeba d\u1ec5 s\u1eed d\u1ee5ng, v\u1eeba \u0111a d\u1ea1ng v\u00e0 \u1ed5n \u0111\u1ecbnh, FB88 ch\u1eafc ch\u1eafn l\u00e0 l\u1ef1a ch\u1ecdn \u0111\u00e1ng \u0111\u1ec3 th\u1eed. Tuy nhi\u00ean, h\u00e3y lu\u00f4n tham gia m\u1ed9t c\u00e1ch c\u00f3 ki\u1ec3m so\u00e1t \u0111\u1ec3 \u0111\u1ea3m b\u1ea3o tr\u1ea3i nghi\u1ec7m b\u1ec1n v\u1eefng.<\/p>\n","protected":false},"excerpt":{"rendered":"<p>Kh\u00f4ng c\u00f2n \u0111\u01a1n thu\u1ea7n l\u00e0 m\u1ed9t n\u01a1i \u0111\u1eb7t c\u01b0\u1ee3c, FB88 \u0111ang d\u1ea7n tr\u1edf th\u00e0nh l\u1ef1a ch\u1ecdn quen thu\u1ed9c c\u1ee7a nh\u1eefng ng\u01b0\u1eddi y\u00eau th\u00edch gi\u1ea3i tr\u00ed tr\u1ef1c tuy\u1ebfn. V\u1edbi s\u1ef1 k\u1ebft h\u1ee3p gi\u1eefa c\u00f4ng ngh\u1ec7 hi\u1ec7n \u0111\u1ea1i, kho tr\u00f2 ch\u01a1i \u0111a d\u1ea1ng v\u00e0 d\u1ecbch v\u1ee5 \u1ed5n \u0111\u1ecbnh, Fb 88 mang \u0111\u1ebfn tr\u1ea3i nghi\u1ec7m li\u1ec1n m\u1ea1ch m\u00e0 [&#8230;]\n","protected":false},"author":1,"featured_media":20,"parent":0,"menu_order":0,"comment_status":"closed","ping_status":"closed","template":"","meta":{"footnotes":""},"class_list":["post-16","page","type-page","status-publish","has-post-thumbnail","hentry"],"_links":{"self":[{"href":"https:\/\/fb88.wedding\/index.php\/wp-json\/wp\/v2\/pages\/16","targetHints":{"allow":["GET"]}}],"collection":[{"href":"https:\/\/fb88.wedding\/index.php\/wp-json\/wp\/v2\/pages"}],"about":[{"href":"https:\/\/fb88.wedding\/index.php\/wp-json\/wp\/v2\/types\/page"}],"author":[{"embeddable":true,"href":"https:\/\/fb88.wedding\/index.php\/wp-json\/wp\/v2\/users\/1"}],"replies":[{"embeddable":true,"href":"https:\/\/fb88.wedding\/index.php\/wp-json\/wp\/v2\/comments?post=16"}],"version-history":[{"count":3,"href":"https:\/\/fb88.wedding\/index.php\/wp-json\/wp\/v2\/pages\/16\/revisions"}],"predecessor-version":[{"id":23,"href":"https:\/\/fb88.wedding\/index.php\/wp-json\/wp\/v2\/pages\/16\/revisions\/23"}],"wp:featuredmedia":[{"embeddable":true,"href":"https:\/\/fb88.wedding\/index.php\/wp-json\/wp\/v2\/media\/20"}],"wp:attachment":[{"href":"https:\/\/fb88.wedding\/index.php\/wp-json\/wp\/v2\/media?parent=16"}],"curies":[{"name":"wp","href":"https:\/\/api.w.org\/{rel}","templated":true}]}}